{"id":462,"date":"2020-06-13T14:36:50","date_gmt":"2020-06-13T12:36:50","guid":{"rendered":"https:\/\/waldorfkita.de\/kinderhaus\/?page_id=462"},"modified":"2020-06-18T15:50:45","modified_gmt":"2020-06-18T13:50:45","slug":"downloads","status":"publish","type":"page","link":"https:\/\/waldorfkita.de\/kinderhaus\/downloads\/","title":{"rendered":"Downloads &#038; Links"},"content":{"rendered":"<div class=\"wpb-content-wrapper\"><p>[vc_row][vc_column][vc_column_text]<\/p>\n<h2 style=\"text-align: center;\">Downloads Rund um die Elterninitiative<\/h2>\n<p style=\"text-align: center;\"><strong>Gesch\u00e4ftsordnung f\u00fcr:<\/strong><\/p>\n<p>[\/vc_column_text][vc_row_inner][vc_column_inner width=&#8220;1\/3&#8243;][vc_btn title=&#8220;Den Elternbeirat&#8220; style=&#8220;custom&#8220; custom_background=&#8220;#944008&#8243; custom_text=&#8220;#ffffff&#8220; size=&#8220;lg&#8220; align=&#8220;center&#8220; button_block=&#8220;true&#8220; link=&#8220;url:https%3A%2F%2Fwaldorfkita.de%2Fkinderhaus%2Fwp-content%2Fuploads%2Fsites%2F2%2F2018%2F02%2FGO_-Elternbeirat_2010.pdf||target:%20_blank|&#8220;][\/vc_column_inner][vc_column_inner width=&#8220;1\/3&#8243;][vc_btn title=&#8220;Elternversammlung&#8220; style=&#8220;custom&#8220; custom_background=&#8220;#944008&#8243; custom_text=&#8220;#ffffff&#8220; size=&#8220;lg&#8220; align=&#8220;center&#8220; button_block=&#8220;true&#8220; link=&#8220;url:https%3A%2F%2Fwaldorfkita.de%2Fwp-content%2Fuploads%2F2018%2F07%2FGO_-Elternversammlung_2010.pdf||target:%20_blank|&#8220;][\/vc_column_inner][vc_column_inner width=&#8220;1\/3&#8243;][vc_btn title=&#8220;Den Rat der Tageseinrichtung&#8220; style=&#8220;custom&#8220; custom_background=&#8220;#944008&#8243; custom_text=&#8220;#ffffff&#8220; size=&#8220;lg&#8220; align=&#8220;center&#8220; button_block=&#8220;true&#8220; link=&#8220;url:https%3A%2F%2Fwaldorfkita.de%2Fwp-content%2Fuploads%2F2018%2F07%2FGO_Rat_der_Einrichtung_2016.pdf||target:%20_blank|&#8220;][\/vc_column_inner][\/vc_row_inner][\/vc_column][\/vc_row][vc_row][vc_column][vc_column_text]<\/p>\n<h3>Links<\/h3>\n<p>[\/vc_column_text][vc_row_inner gap=&#8220;35&#8243;][vc_column_inner width=&#8220;1\/2&#8243;][vc_column_text]<a href=\"https:\/\/www.fwsbg1.de\/\" target=\"_blank\" rel=\"noopener noreferrer\">Freie Waldorfschule Refrath<\/a><br \/>\n<a href=\"http:\/\/www.michaeli-schule-koeln.de\/\" target=\"_blank\" rel=\"noopener noreferrer\">Michaeli Schule K\u00f6ln \u2014 Integrative Waldorfschule<\/a><br \/>\n<a href=\"https:\/\/www.waldorfschule-koeln.de\/\" target=\"_blank\" rel=\"noopener noreferrer\">Waldorfschule K\u00f6ln Chorweiler<\/a><br \/>\n<a href=\"https:\/\/caritas.erzbistum-koeln.de\/rheinberg_erziehungsberatung\/beratungsstelle_bergisch_gladbach\/\" target=\"_blank\" rel=\"noopener noreferrer\">Evangelische Beratungsstelle Bergisch Gladbach (in Bensberg)<\/a><\/p>\n<p><a href=\"https:\/\/caritas.erzbistum-koeln.de\/rheinberg_cv2\/\" target=\"_blank\" rel=\"noopener noreferrer\">Fr\u00fchf\u00f6rderzentrum RheinBerg<\/a><br \/>\n<a href=\"http:\/\/www.spi.nrw.de\/\" target=\"_blank\" rel=\"noopener noreferrer\">SPI (Sozialp\u00e4dagogisches Institut K\u00f6ln)<\/a><br \/>\n<a href=\"https:\/\/www.uk-koeln.de\/\" target=\"_blank\" rel=\"noopener noreferrer\">SPZ (Sozialp\u00e4dagogisches Zentrum K\u00f6ln)<\/a><br \/>\n<a href=\"https:\/\/www.die-gute-hand.de\/\" target=\"_blank\" rel=\"noopener noreferrer\">Stiftung Die gute Hand (Biesfeld)<\/a><br \/>\n<a href=\"http:\/\/www.johann-joseph-gronewald-schule.lvr.de\/de\/nav_main\/start\/startseite.html\" target=\"_blank\" rel=\"noopener noreferrer\">Rheinische F\u00f6rderschulen f\u00fcr H\u00f6ren und Kommunikation: Johann-Joseph-Gronewald-Schule<\/a><br \/>\n<a href=\"http:\/\/www.severin-schule.lvr.de\/de\/nav_main\/startseite\/index.html\" target=\"_blank\" rel=\"noopener noreferrer\">Rheinische F\u00f6rderschulen f\u00fcr Sehen<\/a><br \/>\n<a href=\"https:\/\/www.waldorfkoeln.de\/\" target=\"_blank\" rel=\"noopener noreferrer\">www.waldorfkoeln.de<\/a><\/p>\n<p>Internetauftritt, auf dem sich alle waldorfp\u00e4dagogischen Einrichtungen in K\u00f6ln gemeinsam pr\u00e4sentieren[\/vc_column_text][\/vc_column_inner][vc_column_inner width=&#8220;1\/2&#8243;][vc_column_text]<a href=\"https:\/\/www.waldorfkindergarten.de\/startseite\/\" target=\"_blank\" rel=\"noopener noreferrer\">Internationale Vereinigung der Waldorfkinderg\u00e4rten e. V.<\/a><br \/>\n<a href=\"http:\/\/www.anthroposophie.net\/waldorf\/waldorf.htm\" target=\"_blank\" rel=\"noopener noreferrer\">Waldorfp\u00e4dagogik und Anthroposophie im Internet<\/a><br \/>\n<a href=\"https:\/\/www.fbw-rheinland.de\/\" target=\"_blank\" rel=\"noopener noreferrer\">Freies Bildungswerk Rheinland<\/a><br \/>\n<a href=\"http:\/\/www.weil-kinder-zukunft-sind.waldorfkindergarten-nrw.de\/\" target=\"_blank\" rel=\"noopener noreferrer\">www.weil-kinder-zukunft-sind.de<\/a><br \/>\n<a href=\"https:\/\/waldorfkita.de\/kinderhaus\/downloads\/#\">Stadtelternrat Bergisch Gladbach<\/a><br \/>\n<a href=\"https:\/\/www.alanus.edu\/de\/home\/\" target=\"_blank\" rel=\"noopener noreferrer\">Alanus Hochschule f\u00fcr Kunst und Gesellschaft<\/a>[\/vc_column_text][\/vc_column_inner][\/vc_row_inner][\/vc_column][\/vc_row]<\/p>\n<\/div>","protected":false},"excerpt":{"rendered":"<p>[vc_row][vc_column][vc_column_text] Downloads Rund um die Elterninitiative Gesch\u00e4ftsordnung f\u00fcr: [\/vc_column_text][vc_row_inner][vc_column_inner width=&#8220;1\/3&#8243;][vc_btn title=&#8220;Den Elternbeirat&#8220; style=&#8220;custom&#8220; custom_background=&#8220;#944008&#8243; custom_text=&#8220;#ffffff&#8220; size=&#8220;lg&#8220; align=&#8220;center&#8220; button_block=&#8220;true&#8220; link=&#8220;url:https%3A%2F%2Fwaldorfkita.de%2Fkinderhaus%2Fwp-content%2Fuploads%2Fsites%2F2%2F2018%2F02%2FGO_-Elternbeirat_2010.pdf||target:%20_blank|&#8220;][\/vc_column_inner][vc_column_inner width=&#8220;1\/3&#8243;][vc_btn title=&#8220;Elternversammlung&#8220; style=&#8220;custom&#8220; custom_background=&#8220;#944008&#8243; custom_text=&#8220;#ffffff&#8220; size=&#8220;lg&#8220; align=&#8220;center&#8220;<span class=\"excerpt-hellip\"> [\u2026]<\/span><\/p>\n","protected":false},"author":2,"featured_media":0,"parent":0,"menu_order":0,"comment_status":"closed","ping_status":"closed","template":"","meta":{"footnotes":""},"class_list":["post-462","page","type-page","status-publish","hentry"],"yoast_head":"<!-- This site is optimized with the Yoast SEO plugin v24.7 - https:\/\/yoast.com\/wordpress\/plugins\/seo\/ -->\n<title>Downloads &amp; Links | Waldorf-Kinderhaus Bergisch Gladbach<\/title>\n<meta name=\"robots\" content=\"index, follow, max-snippet:-1, max-image-preview:large, max-video-preview:-1\" \/>\n<link rel=\"canonical\" href=\"https:\/\/waldorfkita.de\/kinderhaus\/downloads\/\" \/>\n<meta property=\"og:locale\" content=\"de_DE\" \/>\n<meta property=\"og:type\" content=\"article\" \/>\n<meta property=\"og:title\" content=\"Downloads &amp; Links | Waldorf-Kinderhaus Bergisch Gladbach\" \/>\n<meta property=\"og:description\" content=\"[vc_row][vc_column][vc_column_text] Downloads Rund um die Elterninitiative Gesch\u00e4ftsordnung f\u00fcr: [\/vc_column_text][vc_row_inner][vc_column_inner width=&#8220;1\/3&#8243;][vc_btn title=&#8220;Den Elternbeirat&#8220; style=&#8220;custom&#8220; custom_background=&#8220;#944008&#8243; custom_text=&#8220;#ffffff&#8220; size=&#8220;lg&#8220; align=&#8220;center&#8220; button_block=&#8220;true&#8220; link=&#8220;url:https%3A%2F%2Fwaldorfkita.de%2Fkinderhaus%2Fwp-content%2Fuploads%2Fsites%2F2%2F2018%2F02%2FGO_-Elternbeirat_2010.pdf||target:%20_blank|&#8220;][\/vc_column_inner][vc_column_inner width=&#8220;1\/3&#8243;][vc_btn title=&#8220;Elternversammlung&#8220; style=&#8220;custom&#8220; custom_background=&#8220;#944008&#8243; custom_text=&#8220;#ffffff&#8220; size=&#8220;lg&#8220; align=&#8220;center&#8220; [\u2026]\" \/>\n<meta property=\"og:url\" content=\"https:\/\/waldorfkita.de\/kinderhaus\/downloads\/\" \/>\n<meta property=\"og:site_name\" content=\"Waldorf-Kinderhaus Bergisch Gladbach\" \/>\n<meta property=\"article:modified_time\" content=\"2020-06-18T13:50:45+00:00\" \/>\n<meta name=\"twitter:card\" content=\"summary_large_image\" \/>\n<meta name=\"twitter:label1\" content=\"Gesch\u00e4tzte Lesezeit\" \/>\n\t<meta name=\"twitter:data1\" content=\"2\u00a0Minuten\" \/>\n<script type=\"application\/ld+json\" class=\"yoast-schema-graph\">{\"@context\":\"https:\/\/schema.org\",\"@graph\":[{\"@type\":\"WebPage\",\"@id\":\"https:\/\/waldorfkita.de\/kinderhaus\/downloads\/\",\"url\":\"https:\/\/waldorfkita.de\/kinderhaus\/downloads\/\",\"name\":\"Downloads & Links | Waldorf-Kinderhaus Bergisch Gladbach\",\"isPartOf\":{\"@id\":\"https:\/\/waldorfkita.de\/kinderhaus\/#website\"},\"datePublished\":\"2020-06-13T12:36:50+00:00\",\"dateModified\":\"2020-06-18T13:50:45+00:00\",\"breadcrumb\":{\"@id\":\"https:\/\/waldorfkita.de\/kinderhaus\/downloads\/#breadcrumb\"},\"inLanguage\":\"de\",\"potentialAction\":[{\"@type\":\"ReadAction\",\"target\":[\"https:\/\/waldorfkita.de\/kinderhaus\/downloads\/\"]}]},{\"@type\":\"BreadcrumbList\",\"@id\":\"https:\/\/waldorfkita.de\/kinderhaus\/downloads\/#breadcrumb\",\"itemListElement\":[{\"@type\":\"ListItem\",\"position\":1,\"name\":\"Startseite\",\"item\":\"https:\/\/waldorfkita.de\/kinderhaus\/\"},{\"@type\":\"ListItem\",\"position\":2,\"name\":\"Downloads &#038; Links\"}]},{\"@type\":\"WebSite\",\"@id\":\"https:\/\/waldorfkita.de\/kinderhaus\/#website\",\"url\":\"https:\/\/waldorfkita.de\/kinderhaus\/\",\"name\":\"Waldorf-Kinderhaus Bergisch Gladbach\",\"description\":\"Waldorf-Kindergarten Bergisch Gladbach\",\"potentialAction\":[{\"@type\":\"SearchAction\",\"target\":{\"@type\":\"EntryPoint\",\"urlTemplate\":\"https:\/\/waldorfkita.de\/kinderhaus\/?s={search_term_string}\"},\"query-input\":{\"@type\":\"PropertyValueSpecification\",\"valueRequired\":true,\"valueName\":\"search_term_string\"}}],\"inLanguage\":\"de\"}]}<\/script>\n<!-- \/ Yoast SEO plugin. -->","yoast_head_json":{"title":"Downloads & Links | Waldorf-Kinderhaus Bergisch Gladbach","robots":{"index":"index","follow":"follow","max-snippet":"max-snippet:-1","max-image-preview":"max-image-preview:large","max-video-preview":"max-video-preview:-1"},"canonical":"https:\/\/waldorfkita.de\/kinderhaus\/downloads\/","og_locale":"de_DE","og_type":"article","og_title":"Downloads & Links | Waldorf-Kinderhaus Bergisch Gladbach","og_description":"[vc_row][vc_column][vc_column_text] Downloads Rund um die Elterninitiative Gesch\u00e4ftsordnung f\u00fcr: [\/vc_column_text][vc_row_inner][vc_column_inner width=&#8220;1\/3&#8243;][vc_btn title=&#8220;Den Elternbeirat&#8220; style=&#8220;custom&#8220; custom_background=&#8220;#944008&#8243; custom_text=&#8220;#ffffff&#8220; size=&#8220;lg&#8220; align=&#8220;center&#8220; button_block=&#8220;true&#8220; link=&#8220;url:https%3A%2F%2Fwaldorfkita.de%2Fkinderhaus%2Fwp-content%2Fuploads%2Fsites%2F2%2F2018%2F02%2FGO_-Elternbeirat_2010.pdf||target:%20_blank|&#8220;][\/vc_column_inner][vc_column_inner width=&#8220;1\/3&#8243;][vc_btn title=&#8220;Elternversammlung&#8220; style=&#8220;custom&#8220; custom_background=&#8220;#944008&#8243; custom_text=&#8220;#ffffff&#8220; size=&#8220;lg&#8220; align=&#8220;center&#8220; [\u2026]","og_url":"https:\/\/waldorfkita.de\/kinderhaus\/downloads\/","og_site_name":"Waldorf-Kinderhaus Bergisch Gladbach","article_modified_time":"2020-06-18T13:50:45+00:00","twitter_card":"summary_large_image","twitter_misc":{"Gesch\u00e4tzte Lesezeit":"2\u00a0Minuten"},"schema":{"@context":"https:\/\/schema.org","@graph":[{"@type":"WebPage","@id":"https:\/\/waldorfkita.de\/kinderhaus\/downloads\/","url":"https:\/\/waldorfkita.de\/kinderhaus\/downloads\/","name":"Downloads & Links | Waldorf-Kinderhaus Bergisch Gladbach","isPartOf":{"@id":"https:\/\/waldorfkita.de\/kinderhaus\/#website"},"datePublished":"2020-06-13T12:36:50+00:00","dateModified":"2020-06-18T13:50:45+00:00","breadcrumb":{"@id":"https:\/\/waldorfkita.de\/kinderhaus\/downloads\/#breadcrumb"},"inLanguage":"de","potentialAction":[{"@type":"ReadAction","target":["https:\/\/waldorfkita.de\/kinderhaus\/downloads\/"]}]},{"@type":"BreadcrumbList","@id":"https:\/\/waldorfkita.de\/kinderhaus\/downloads\/#breadcrumb","itemListElement":[{"@type":"ListItem","position":1,"name":"Startseite","item":"https:\/\/waldorfkita.de\/kinderhaus\/"},{"@type":"ListItem","position":2,"name":"Downloads &#038; Links"}]},{"@type":"WebSite","@id":"https:\/\/waldorfkita.de\/kinderhaus\/#website","url":"https:\/\/waldorfkita.de\/kinderhaus\/","name":"Waldorf-Kinderhaus Bergisch Gladbach","description":"Waldorf-Kindergarten Bergisch Gladbach","potentialAction":[{"@type":"SearchAction","target":{"@type":"EntryPoint","urlTemplate":"https:\/\/waldorfkita.de\/kinderhaus\/?s={search_term_string}"},"query-input":{"@type":"PropertyValueSpecification","valueRequired":true,"valueName":"search_term_string"}}],"inLanguage":"de"}]}},"_links":{"self":[{"href":"https:\/\/waldorfkita.de\/kinderhaus\/wp-json\/wp\/v2\/pages\/462","targetHints":{"allow":["GET"]}}],"collection":[{"href":"https:\/\/waldorfkita.de\/kinderhaus\/wp-json\/wp\/v2\/pages"}],"about":[{"href":"https:\/\/waldorfkita.de\/kinderhaus\/wp-json\/wp\/v2\/types\/page"}],"author":[{"embeddable":true,"href":"https:\/\/waldorfkita.de\/kinderhaus\/wp-json\/wp\/v2\/users\/2"}],"replies":[{"embeddable":true,"href":"https:\/\/waldorfkita.de\/kinderhaus\/wp-json\/wp\/v2\/comments?post=462"}],"version-history":[{"count":5,"href":"https:\/\/waldorfkita.de\/kinderhaus\/wp-json\/wp\/v2\/pages\/462\/revisions"}],"predecessor-version":[{"id":573,"href":"https:\/\/waldorfkita.de\/kinderhaus\/wp-json\/wp\/v2\/pages\/462\/revisions\/573"}],"wp:attachment":[{"href":"https:\/\/waldorfkita.de\/kinderhaus\/wp-json\/wp\/v2\/media?parent=462"}],"curies":[{"name":"wp","href":"https:\/\/api.w.org\/{rel}","templated":true}]}}