{"id":457,"date":"2020-06-13T14:34:41","date_gmt":"2020-06-13T12:34:41","guid":{"rendered":"https:\/\/waldorfkita.de\/kinderhaus\/?page_id=457"},"modified":"2023-03-09T15:00:08","modified_gmt":"2023-03-09T14:00:08","slug":"kontakt","status":"publish","type":"page","link":"https:\/\/waldorfkita.de\/kinderhaus\/kontakt\/","title":{"rendered":"Kontakt"},"content":{"rendered":"<div class=\"wpb-content-wrapper\"><p>[vc_row gap=&#8220;35&#8243; content_placement=&#8220;middle&#8220;][vc_column width=&#8220;1\/2&#8243;][vc_column_text]<\/p>\n<h2>Kontakt &amp; Anmeldung<\/h2>\n<p>Liebe Eltern,<\/p>\n<p>bei Interesse an einem Kindergartenplatz melden Sie Ihr Kind bitte online \u00fcber das Elternportal\u00a0<a href=\"https:\/\/portal.little-bird.de\/Bergisch+Gladbach\/-214-Waldorfkinderhaus\/7D3E68D4-F71F-4441-A270-E02AA2276C0B\" target=\"_blank\" rel=\"noopener noreferrer\">\u00bbLittle Bird\u00ab<\/a>\u00a0an.<\/p>\n<p>Eine pers\u00f6nliche Vorstellung f\u00fcr interessierte Eltern angemeldeter Kinder und das Kennenlernen unseres Kindergartens bieten wir im Rahmen eines Infoabends an. Dort werden wir Ihnen unseren Kindergarten und unser Konzept vorstellen, sie haben die M\u00f6glichkeit die R\u00e4umlichkeiten zu besichtigen und es gibt gen\u00fcgend Zeit, um Fragen zu stellen.<\/p>\n<p>Wenn Sie per E-Mail oder telefonisch Kontakt aufnehmen m\u00f6chten, helfen Ihnen die Leitung, Frau Fariba Aslangir und unsere Assistenz, Frau Anja Rauch, gerne weiter.<\/p>\n<p>E-Mail:<a href=\"https:\/\/waldorfkita.de\/kinderhaus\/kontakt\/info@waldorf-kinderhaus.de\">\u00a0info@waldorf-kinderhaus.de<\/a><br \/>\nTelefon:\u00a0<a href=\"tel:0220230819\">02202-30819<\/a>[\/vc_column_text][\/vc_column][vc_column width=&#8220;1\/2&#8243;][vc_single_image image=&#8220;43&#8243; img_size=&#8220;large&#8220; alignment=&#8220;center&#8220; onclick=&#8220;link_image&#8220;][\/vc_column][\/vc_row][vc_row][vc_column]\n<div class=\"wpcf7 no-js\" id=\"wpcf7-f42-o1\" lang=\"de-DE\" dir=\"ltr\" data-wpcf7-id=\"42\">\n<div class=\"screen-reader-response\"><p role=\"status\" aria-live=\"polite\" aria-atomic=\"true\"><\/p> <ul><\/ul><\/div>\n<form action=\"\/kinderhaus\/wp-json\/wp\/v2\/pages\/457#wpcf7-f42-o1\" method=\"post\" class=\"wpcf7-form init\" aria-label=\"Kontaktformular\" novalidate=\"novalidate\" data-status=\"init\">\n<div style=\"display: none;\">\n<input type=\"hidden\" name=\"_wpcf7\" value=\"42\" \/>\n<input type=\"hidden\" name=\"_wpcf7_version\" value=\"6.0.5\" \/>\n<input type=\"hidden\" name=\"_wpcf7_locale\" value=\"de_DE\" \/>\n<input type=\"hidden\" name=\"_wpcf7_unit_tag\" value=\"wpcf7-f42-o1\" \/>\n<input type=\"hidden\" name=\"_wpcf7_container_post\" value=\"0\" \/>\n<input type=\"hidden\" name=\"_wpcf7_posted_data_hash\" value=\"\" \/>\n<\/div>\n<div style=\"display:block;\">\n\t<div style=\"display:inline-block; width:40%; margin-right:3em; vertical-align:top;\">\n\t\t<p><label> Vor & Nachname* <span class=\"wpcf7-form-control-wrap\" data-name=\"your-name\"><input size=\"40\" maxlength=\"400\" class=\"wpcf7-form-control wpcf7-text wpcf7-validates-as-required\" aria-required=\"true\" aria-invalid=\"false\" value=\"\" type=\"text\" name=\"your-name\" \/><\/span> <\/label>\n\t\t<\/p>\n\t\t<p><label> Email Adresse*<br \/>\n<span class=\"wpcf7-form-control-wrap\" data-name=\"your-email\"><input size=\"40\" maxlength=\"400\" class=\"wpcf7-form-control wpcf7-email wpcf7-validates-as-required wpcf7-text wpcf7-validates-as-email\" aria-required=\"true\" aria-invalid=\"false\" value=\"\" type=\"email\" name=\"your-email\" \/><\/span> <\/label>\n\t\t<\/p>\n\t\t<p><label> Telefonnummer<br \/>\n<span class=\"wpcf7-form-control-wrap\" data-name=\"tel-31\"><input size=\"40\" maxlength=\"400\" class=\"wpcf7-form-control wpcf7-tel wpcf7-text wpcf7-validates-as-tel\" aria-invalid=\"false\" value=\"\" type=\"tel\" name=\"tel-31\" \/><\/span> <\/label>\n\t\t<\/p>\n\t<\/div>\n\t<div style=\"display:inline-block; width:45%;vertical-align:top;\">\n\t\t<p><label> Betreff\/Frage<br \/>\n<span class=\"wpcf7-form-control-wrap\" data-name=\"your-subject\"><input size=\"40\" maxlength=\"400\" class=\"wpcf7-form-control wpcf7-text\" aria-invalid=\"false\" value=\"\" type=\"text\" name=\"your-subject\" \/><\/span> <\/label>\n\t\t<\/p>\n\t\t<p><label> Ihre Nachricht<br \/>\n<span class=\"wpcf7-form-control-wrap\" data-name=\"your-message\"><textarea cols=\"40\" rows=\"10\" maxlength=\"2000\" class=\"wpcf7-form-control wpcf7-textarea\" aria-invalid=\"false\" name=\"your-message\"><\/textarea><\/span> <\/label>\n\t\t<\/p>\n\t\t<p><a href=\"https:\/\/waldorfkita.de\/kinderhaus\/datenschutz\" target=\"_blank\">Datenschutzhinweis gelesen?<\/a><br \/>\n<label><span class=\"wpcf7-form-control-wrap\" data-name=\"checkbox-938\"><span class=\"wpcf7-form-control wpcf7-checkbox wpcf7-validates-as-required\"><span class=\"wpcf7-list-item first last\"><input type=\"checkbox\" name=\"checkbox-938[]\" value=\"Ich habe die Datenschutzerkl\u00e4rung zur Kenntnis genommen\" \/><span class=\"wpcf7-list-item-label\">Ich habe die Datenschutzerkl\u00e4rung zur Kenntnis genommen<\/span><\/span><\/span><\/span> <\/label>\n\t\t<\/p>\n\t\t<p><input class=\"wpcf7-form-control wpcf7-submit has-spinner\" type=\"submit\" value=\"Abschicken\" \/>\n\t\t<\/p>\n\t<\/div>\n<\/div><p style=\"display: none !important;\" class=\"akismet-fields-container\" data-prefix=\"_wpcf7_ak_\"><label>&#916;<textarea name=\"_wpcf7_ak_hp_textarea\" cols=\"45\" rows=\"8\" maxlength=\"100\"><\/textarea><\/label><input type=\"hidden\" id=\"ak_js_1\" name=\"_wpcf7_ak_js\" value=\"57\"\/><script>document.getElementById( \"ak_js_1\" ).setAttribute( \"value\", ( new Date() ).getTime() );<\/script><\/p><div class=\"wpcf7-response-output\" aria-hidden=\"true\"><\/div>\n<\/form>\n<\/div>\n[\/vc_column][\/vc_row]<\/p>\n<\/div>","protected":false},"excerpt":{"rendered":"<p>[vc_row gap=&#8220;35&#8243; content_placement=&#8220;middle&#8220;][vc_column width=&#8220;1\/2&#8243;][vc_column_text] Kontakt &amp; Anmeldung Liebe Eltern, bei Interesse an einem Kindergartenplatz melden Sie Ihr Kind bitte online \u00fcber das Elternportal\u00a0\u00bbLittle Bird\u00ab\u00a0an. Eine pers\u00f6nliche<span class=\"excerpt-hellip\"> [\u2026]<\/span><\/p>\n","protected":false},"author":2,"featured_media":0,"parent":0,"menu_order":0,"comment_status":"closed","ping_status":"closed","template":"","meta":{"footnotes":""},"class_list":["post-457","page","type-page","status-publish","hentry"],"yoast_head":"<!-- This site is optimized with the Yoast SEO plugin v24.7 - https:\/\/yoast.com\/wordpress\/plugins\/seo\/ -->\n<title>Kontakt | Waldorf-Kinderhaus Bergisch Gladbach<\/title>\n<meta name=\"robots\" content=\"index, follow, max-snippet:-1, max-image-preview:large, max-video-preview:-1\" \/>\n<link rel=\"canonical\" href=\"https:\/\/waldorfkita.de\/kinderhaus\/kontakt\/\" \/>\n<meta property=\"og:locale\" content=\"de_DE\" \/>\n<meta property=\"og:type\" content=\"article\" \/>\n<meta property=\"og:title\" content=\"Kontakt | Waldorf-Kinderhaus Bergisch Gladbach\" \/>\n<meta property=\"og:description\" content=\"[vc_row gap=&#8220;35&#8243; content_placement=&#8220;middle&#8220;][vc_column width=&#8220;1\/2&#8243;][vc_column_text] Kontakt &amp; Anmeldung Liebe Eltern, bei Interesse an einem Kindergartenplatz melden Sie Ihr Kind bitte online \u00fcber das Elternportal\u00a0\u00bbLittle Bird\u00ab\u00a0an. Eine pers\u00f6nliche [\u2026]\" \/>\n<meta property=\"og:url\" content=\"https:\/\/waldorfkita.de\/kinderhaus\/kontakt\/\" \/>\n<meta property=\"og:site_name\" content=\"Waldorf-Kinderhaus Bergisch Gladbach\" \/>\n<meta property=\"article:modified_time\" content=\"2023-03-09T14:00:08+00:00\" \/>\n<meta name=\"twitter:card\" content=\"summary_large_image\" \/>\n<meta name=\"twitter:label1\" content=\"Gesch\u00e4tzte Lesezeit\" \/>\n\t<meta name=\"twitter:data1\" content=\"1\u00a0Minute\" \/>\n<script type=\"application\/ld+json\" class=\"yoast-schema-graph\">{\"@context\":\"https:\/\/schema.org\",\"@graph\":[{\"@type\":\"WebPage\",\"@id\":\"https:\/\/waldorfkita.de\/kinderhaus\/kontakt\/\",\"url\":\"https:\/\/waldorfkita.de\/kinderhaus\/kontakt\/\",\"name\":\"Kontakt | Waldorf-Kinderhaus Bergisch Gladbach\",\"isPartOf\":{\"@id\":\"https:\/\/waldorfkita.de\/kinderhaus\/#website\"},\"datePublished\":\"2020-06-13T12:34:41+00:00\",\"dateModified\":\"2023-03-09T14:00:08+00:00\",\"breadcrumb\":{\"@id\":\"https:\/\/waldorfkita.de\/kinderhaus\/kontakt\/#breadcrumb\"},\"inLanguage\":\"de\",\"potentialAction\":[{\"@type\":\"ReadAction\",\"target\":[\"https:\/\/waldorfkita.de\/kinderhaus\/kontakt\/\"]}]},{\"@type\":\"BreadcrumbList\",\"@id\":\"https:\/\/waldorfkita.de\/kinderhaus\/kontakt\/#breadcrumb\",\"itemListElement\":[{\"@type\":\"ListItem\",\"position\":1,\"name\":\"Startseite\",\"item\":\"https:\/\/waldorfkita.de\/kinderhaus\/\"},{\"@type\":\"ListItem\",\"position\":2,\"name\":\"Kontakt\"}]},{\"@type\":\"WebSite\",\"@id\":\"https:\/\/waldorfkita.de\/kinderhaus\/#website\",\"url\":\"https:\/\/waldorfkita.de\/kinderhaus\/\",\"name\":\"Waldorf-Kinderhaus Bergisch Gladbach\",\"description\":\"Waldorf-Kindergarten Bergisch Gladbach\",\"potentialAction\":[{\"@type\":\"SearchAction\",\"target\":{\"@type\":\"EntryPoint\",\"urlTemplate\":\"https:\/\/waldorfkita.de\/kinderhaus\/?s={search_term_string}\"},\"query-input\":{\"@type\":\"PropertyValueSpecification\",\"valueRequired\":true,\"valueName\":\"search_term_string\"}}],\"inLanguage\":\"de\"}]}<\/script>\n<!-- \/ Yoast SEO plugin. -->","yoast_head_json":{"title":"Kontakt | Waldorf-Kinderhaus Bergisch Gladbach","robots":{"index":"index","follow":"follow","max-snippet":"max-snippet:-1","max-image-preview":"max-image-preview:large","max-video-preview":"max-video-preview:-1"},"canonical":"https:\/\/waldorfkita.de\/kinderhaus\/kontakt\/","og_locale":"de_DE","og_type":"article","og_title":"Kontakt | Waldorf-Kinderhaus Bergisch Gladbach","og_description":"[vc_row gap=&#8220;35&#8243; content_placement=&#8220;middle&#8220;][vc_column width=&#8220;1\/2&#8243;][vc_column_text] Kontakt &amp; Anmeldung Liebe Eltern, bei Interesse an einem Kindergartenplatz melden Sie Ihr Kind bitte online \u00fcber das Elternportal\u00a0\u00bbLittle Bird\u00ab\u00a0an. Eine pers\u00f6nliche [\u2026]","og_url":"https:\/\/waldorfkita.de\/kinderhaus\/kontakt\/","og_site_name":"Waldorf-Kinderhaus Bergisch Gladbach","article_modified_time":"2023-03-09T14:00:08+00:00","twitter_card":"summary_large_image","twitter_misc":{"Gesch\u00e4tzte Lesezeit":"1\u00a0Minute"},"schema":{"@context":"https:\/\/schema.org","@graph":[{"@type":"WebPage","@id":"https:\/\/waldorfkita.de\/kinderhaus\/kontakt\/","url":"https:\/\/waldorfkita.de\/kinderhaus\/kontakt\/","name":"Kontakt | Waldorf-Kinderhaus Bergisch Gladbach","isPartOf":{"@id":"https:\/\/waldorfkita.de\/kinderhaus\/#website"},"datePublished":"2020-06-13T12:34:41+00:00","dateModified":"2023-03-09T14:00:08+00:00","breadcrumb":{"@id":"https:\/\/waldorfkita.de\/kinderhaus\/kontakt\/#breadcrumb"},"inLanguage":"de","potentialAction":[{"@type":"ReadAction","target":["https:\/\/waldorfkita.de\/kinderhaus\/kontakt\/"]}]},{"@type":"BreadcrumbList","@id":"https:\/\/waldorfkita.de\/kinderhaus\/kontakt\/#breadcrumb","itemListElement":[{"@type":"ListItem","position":1,"name":"Startseite","item":"https:\/\/waldorfkita.de\/kinderhaus\/"},{"@type":"ListItem","position":2,"name":"Kontakt"}]},{"@type":"WebSite","@id":"https:\/\/waldorfkita.de\/kinderhaus\/#website","url":"https:\/\/waldorfkita.de\/kinderhaus\/","name":"Waldorf-Kinderhaus Bergisch Gladbach","description":"Waldorf-Kindergarten Bergisch Gladbach","potentialAction":[{"@type":"SearchAction","target":{"@type":"EntryPoint","urlTemplate":"https:\/\/waldorfkita.de\/kinderhaus\/?s={search_term_string}"},"query-input":{"@type":"PropertyValueSpecification","valueRequired":true,"valueName":"search_term_string"}}],"inLanguage":"de"}]}},"_links":{"self":[{"href":"https:\/\/waldorfkita.de\/kinderhaus\/wp-json\/wp\/v2\/pages\/457","targetHints":{"allow":["GET"]}}],"collection":[{"href":"https:\/\/waldorfkita.de\/kinderhaus\/wp-json\/wp\/v2\/pages"}],"about":[{"href":"https:\/\/waldorfkita.de\/kinderhaus\/wp-json\/wp\/v2\/types\/page"}],"author":[{"embeddable":true,"href":"https:\/\/waldorfkita.de\/kinderhaus\/wp-json\/wp\/v2\/users\/2"}],"replies":[{"embeddable":true,"href":"https:\/\/waldorfkita.de\/kinderhaus\/wp-json\/wp\/v2\/comments?post=457"}],"version-history":[{"count":7,"href":"https:\/\/waldorfkita.de\/kinderhaus\/wp-json\/wp\/v2\/pages\/457\/revisions"}],"predecessor-version":[{"id":624,"href":"https:\/\/waldorfkita.de\/kinderhaus\/wp-json\/wp\/v2\/pages\/457\/revisions\/624"}],"wp:attachment":[{"href":"https:\/\/waldorfkita.de\/kinderhaus\/wp-json\/wp\/v2\/media?parent=457"}],"curies":[{"name":"wp","href":"https:\/\/api.w.org\/{rel}","templated":true}]}}