{"id":396,"date":"2020-06-13T13:52:08","date_gmt":"2020-06-13T11:52:08","guid":{"rendered":"https:\/\/waldorfkita.de\/kinderhaus\/?page_id=396"},"modified":"2025-10-30T11:29:21","modified_gmt":"2025-10-30T10:29:21","slug":"waldorf-kinderhaus-bgl","status":"publish","type":"page","link":"https:\/\/waldorfkita.de\/kinderhaus\/waldorf-kinderhaus-bgl\/","title":{"rendered":"Home"},"content":{"rendered":"<div class=\"wpb-content-wrapper\"><p>[vc_row][vc_column][vc_column_text]<\/p>\n<h2 style=\"text-align: center;\">Herzlich willkommen im<\/h2>\n<h1 style=\"text-align: center;\">Waldorf-Kinderhaus Bergisch Gladbach!<\/h1>\n<h4 style=\"text-align: center;\">&#8222;Das Kind in Ehrfurcht empfangen, in Liebe erziehen und in Freiheit entlassen.&#8220;<\/h4>\n<p style=\"text-align: center;\">&#8211; Rudolf Steiner &#8211;<\/p>\n<p>[\/vc_column_text][\/vc_column][\/vc_row][vc_row gap=&#8220;35&#8243; content_placement=&#8220;middle&#8220;][vc_column width=&#8220;1\/2&#8243;][vc_video link=&#8220;https:\/\/youtu.be\/OOsEkYEXugk&#8220;][vc_btn title=&#8220;Anmelden bzw. vormerken lassen&#8220; style=&#8220;custom&#8220; custom_background=&#8220;#944008&#8243; custom_text=&#8220;#ffffff&#8220; size=&#8220;lg&#8220; align=&#8220;center&#8220; i_icon_fontawesome=&#8220;fas fa-user-plus&#8220; add_icon=&#8220;true&#8220; link=&#8220;url:https%3A%2F%2Fportal.little-bird.de%2FBergisch%2BGladbach%2F-214-Waldorfkinderhaus%2F7D3E68D4-F71F-4441-A270-E02AA2276C0B||target:%20_blank|&#8220;][\/vc_column][vc_column width=&#8220;1\/2&#8243; el_class=&#8220;kasten_braun&#8220;][vc_column_text css=&#8220;.vc_custom_1744721674098{margin-bottom: 0px !important;}&#8220;]<\/p>\n<h2 style=\"text-align: center;\"><b>HINWEISE<\/b><\/h2>\n<p style=\"text-align: center;\">Liebe Eltern,<\/p>\n<p style=\"text-align: center;\">bei Interesse an einem Kindergartenplatz melden Sie Ihr Kind bitte online \u00fcber das Elternportal\u00a0Little Bird an. Wir weisen Sie an dieser Stelle jedoch darauf hin, dass eine Anmeldebest\u00e4tigung durch das Portal KEINE Platzzusage darstellt.<br \/>\nEine pers\u00f6nliche Vorstellung f\u00fcr interessierte Eltern und das Kennenlernen unseres Kindergartens bieten wir im Rahmen eines Infotermins an.<br \/>\nBitte nehmen Sie hierzu telefonisch oder per E-Mail (info@waldorf-kinderhaus.de) Kontakt mit uns auf.<\/p>\n<p style=\"text-align: center;\">Mit besten Gr\u00fc\u00dfen<br \/>\n<strong>Ihr Kindergartenteam<\/strong><\/p>\n<p>[\/vc_column_text][\/vc_column][\/vc_row][vc_row gap=&#8220;35&#8243; content_placement=&#8220;middle&#8220; disable_element=&#8220;yes&#8220;][vc_column width=&#8220;1\/2&#8243;][vc_single_image image=&#8220;650&#8243; img_size=&#8220;large&#8220; alignment=&#8220;center&#8220; onclick=&#8220;link_image&#8220;][\/vc_column][vc_column width=&#8220;1\/2&#8243; el_class=&#8220;kasten_braun&#8220;][vc_column_text css=&#8220;.vc_custom_1678369161334{margin-bottom: 0px !important;}&#8220;]<\/p>\n<h2 style=\"text-align: center;\"><b>HINWEISE<\/b><\/h2>\n<p style=\"text-align: center;\">Liebe Eltern,<\/p>\n<p style=\"text-align: center;\">bei Interesse an einem Kindergartenplatz melden Sie Ihr Kind bitte online \u00fcber das Elternportal\u00a0Little Bird an. Wir weisen Sie an dieser Stelle jedoch darauf hin, dass eine Anmeldebest\u00e4tigung durch das Portal KEINE Platzzusage darstellt.<br \/>\nEine pers\u00f6nliche Vorstellung f\u00fcr interessierte Eltern und das Kennenlernen unseres Kindergartens bieten wir im Rahmen eines Infoabends an.<br \/>\nBitte nehmen Sie hierzu telefonisch oder per E-Mail (info@waldorf-kinderhaus.de) Kontakt mit uns auf.<\/p>\n<p style=\"text-align: center;\">Mit besten Gr\u00fc\u00dfen<br \/>\n<strong>Ihr Kindergartenteam<\/strong><\/p>\n<p>[\/vc_column_text][vc_btn title=&#8220;Anmelden bzw. vormerken lassen&#8220; style=&#8220;custom&#8220; custom_background=&#8220;#944008&#8243; custom_text=&#8220;#ffffff&#8220; size=&#8220;lg&#8220; align=&#8220;center&#8220; i_icon_fontawesome=&#8220;fas fa-user-plus&#8220; add_icon=&#8220;true&#8220; link=&#8220;url:https%3A%2F%2Fportal.little-bird.de%2FBergisch%2BGladbach%2F-214-Waldorfkinderhaus%2F7D3E68D4-F71F-4441-A270-E02AA2276C0B||target:%20_blank|&#8220;][vc_video link=&#8220;https:\/\/youtu.be\/OOsEkYEXugk&#8220;][\/vc_column][\/vc_row][vc_row css=&#8220;.vc_custom_1697815476418{margin-top: 30px !important;margin-bottom: 30px !important;border-top-width: 4px !important;border-right-width: 4px !important;border-bottom-width: 4px !important;border-left-width: 4px !important;padding-top: 30px !important;padding-right: 30px !important;padding-bottom: 30px !important;padding-left: 30px !important;border-left-color: #944008 !important;border-left-style: solid !important;border-right-color: #944008 !important;border-right-style: solid !important;border-top-color: #944008 !important;border-top-style: solid !important;border-bottom-color: #944008 !important;border-bottom-style: solid !important;border-radius: 30px !important;}&#8220;][vc_column][vc_column_text css=&#8220;.vc_custom_1761820154382{margin-bottom: 15px !important;}&#8220;]<strong>Wir suchen ab August 2026:<\/strong><\/p>\n<h2>Stellen f\u00fcr den Bundesfreiwilligendienst (BFD) oder das Freiwillige Soziale Jahr (FSJ) im Waldorf-Kinderhaus Bergisch Gladbach<\/h2>\n<p>Das Waldorf-Kinderhaus in Bergisch Gladbach bietet f\u00fcr das kommende Kindergartenjahr (2026\/27) ab August 2026 Stellen f\u00fcr den Bundesfreiwilligendienst (BFD) oder f\u00fcr das Freiwillige Soziale Jahr (FSJ) an.<\/p>\n<p>Der Freiwilligendienst ist ein Angebot f\u00fcr junge Erwachsene zum freiwilligen sozialen Engagement. Er dient der Pers\u00f6nlichkeitsbildung, dem Erwerb von Kompetenzen und der beruflichen und sozialen Orientierung. Er wird ganzt\u00e4gig als eine praktische Hilfst\u00e4tigkeit angeboten.<\/p>\n<p>Der Freiwilligendienst im Waldorf-Kinderhaus Bergisch Gladbach bietet vielf\u00e4ltige Einblicke in den Alltag einer Waldorfeinrichtung und das Berufsbild \u201eErzieher\/in\u201c.<\/p>\n<p>F\u00fcr unsere Kindertageseinrichtung suchen wir Freiwillige, die Freude am Umgang mit Kindern und ein ausgepr\u00e4gtes soziales Verhalten haben sowie die Bereitschaft mitbringen, sich auf Neues einzulassen. Wenn Ihr Lust habt, ein interessantes, abwechslungsreiches und ereignisreiches Jahr zu erleben, dann seid Ihr bei uns genau richtig.<\/p>\n<p>Wir freuen uns auf aussagekr\u00e4ftige Bewerbungen (gerne per E-Mail). R\u00fcckfragen k\u00f6nnen gerne im Voraus telefonisch gestellt werden.<\/p>\n<p><strong>Waldorf-Kinderhaus Bergisch Gladbach<\/strong><br \/>\nz. Hd. Fariba Aslangir<\/p>\n<p>Paffrather Stra\u00dfe 38<br \/>\n51465 Bergisch Gladbach<\/p>\n<p>Tel.: <a href=\"tel:0220230819\" target=\"_blank\" rel=\"noopener noreferrer\">02202\/30819<\/a><br \/>\n<a href=\"mailto:info@waldorf-kinderhaus.de\" target=\"_blank\" rel=\"noopener noreferrer\">info@waldorf-kinderhaus.de<\/a>[\/vc_column_text][\/vc_column][\/vc_row][vc_row css=&#8220;.vc_custom_1648702386478{border-top-width: 4px !important;border-right-width: 4px !important;border-bottom-width: 4px !important;border-left-width: 4px !important;padding-top: 30px !important;padding-right: 30px !important;padding-bottom: 30px !important;padding-left: 30px !important;border-left-color: #944008 !important;border-left-style: solid !important;border-right-color: #944008 !important;border-right-style: solid !important;border-top-color: #944008 !important;border-top-style: solid !important;border-bottom-color: #944008 !important;border-bottom-style: solid !important;border-radius: 30px !important;}&#8220;][vc_column][vc_column_text css=&#8220;.vc_custom_1761820160804{margin-bottom: 15px !important;}&#8220;]<strong>Wir suchen zum Sommer 2026 eine\/n <\/strong><\/p>\n<h2><strong>Anerkennungsjahrpraktikanten\/in<\/strong><\/h2>\n<p>Wir freuen uns auf einen engagierten, zuverl\u00e4ssigen und liebevollen Menschen, der sich gern in ein nettes Team einbringen m\u00f6chte, sich seiner Vorbildfunktion f\u00fcr die Kinder bewusst ist und Interesse an der Waldorfp\u00e4dagogik hat.<\/p>\n<p>In unserem Kindergarten werden in zwei Gruppen insgesamt bis zu 42 Kinder im Alter zwischen zwei und sechs Jahren betreut. Unsere Kindertagesst\u00e4tte ist gut mit \u00f6ffentlichen Nahverkehrsmitteln zu erreichen.<\/p>\n<p>Wir bieten eine interessante Praktikumsvollzeitstelle und Bezahlung nach TV\u00f6D.<\/p>\n<p>Wir freuen uns auf Ihre aussagekr\u00e4ftige Bewerbung an:<\/p>\n<p><strong>Waldorf-Kinderhaus Bergisch Gladbach<\/strong><br \/>\nz. Hd. Fariba Aslangir<\/p>\n<p>Paffrather Stra\u00dfe 38<br \/>\n51465 Bergisch Gladbach<\/p>\n<p>Tel.: <a href=\"tel:0220230819\" target=\"_blank\" rel=\"noopener noreferrer\">02202\/30819<\/a><br \/>\n<a href=\"mailto:info@waldorf-kinderhaus.de\" target=\"_blank\" rel=\"noopener noreferrer\">info@waldorf-kinderhaus.de<\/a>[\/vc_column_text][\/vc_column][\/vc_row]<\/p>\n<\/div>","protected":false},"excerpt":{"rendered":"<p>[vc_row][vc_column][vc_column_text] Herzlich willkommen im Waldorf-Kinderhaus Bergisch Gladbach! &#8222;Das Kind in Ehrfurcht empfangen, in Liebe erziehen und in Freiheit entlassen.&#8220; &#8211; Rudolf Steiner &#8211; [\/vc_column_text][\/vc_column][\/vc_row][vc_row gap=&#8220;35&#8243; content_placement=&#8220;middle&#8220;][vc_column<span class=\"excerpt-hellip\"> [\u2026]<\/span><\/p>\n","protected":false},"author":2,"featured_media":-1,"parent":0,"menu_order":0,"comment_status":"closed","ping_status":"closed","template":"","meta":{"footnotes":""},"class_list":["post-396","page","type-page","status-publish","has-post-thumbnail","hentry"],"yoast_head":"<!-- This site is optimized with the Yoast SEO plugin v24.7 - https:\/\/yoast.com\/wordpress\/plugins\/seo\/ -->\n<title>Home | Waldorf-Kinderhaus Bergisch Gladbach<\/title>\n<meta name=\"robots\" content=\"index, follow, max-snippet:-1, max-image-preview:large, max-video-preview:-1\" \/>\n<link rel=\"canonical\" href=\"https:\/\/waldorfkita.de\/kinderhaus\/waldorf-kinderhaus-bgl\/\" \/>\n<meta property=\"og:locale\" content=\"de_DE\" \/>\n<meta property=\"og:type\" content=\"article\" \/>\n<meta property=\"og:title\" content=\"Home | Waldorf-Kinderhaus Bergisch Gladbach\" \/>\n<meta property=\"og:description\" content=\"[vc_row][vc_column][vc_column_text] Herzlich willkommen im Waldorf-Kinderhaus Bergisch Gladbach! &#8222;Das Kind in Ehrfurcht empfangen, in Liebe erziehen und in Freiheit entlassen.&#8220; &#8211; Rudolf Steiner &#8211; [\/vc_column_text][\/vc_column][\/vc_row][vc_row gap=&#8220;35&#8243; content_placement=&#8220;middle&#8220;][vc_column [\u2026]\" \/>\n<meta property=\"og:url\" content=\"https:\/\/waldorfkita.de\/kinderhaus\/waldorf-kinderhaus-bgl\/\" \/>\n<meta property=\"og:site_name\" content=\"Waldorf-Kinderhaus Bergisch Gladbach\" \/>\n<meta property=\"article:modified_time\" content=\"2025-10-30T10:29:21+00:00\" \/>\n<meta name=\"twitter:card\" content=\"summary_large_image\" \/>\n<meta name=\"twitter:label1\" content=\"Gesch\u00e4tzte Lesezeit\" \/>\n\t<meta name=\"twitter:data1\" content=\"4\u00a0Minuten\" \/>\n<script type=\"application\/ld+json\" class=\"yoast-schema-graph\">{\"@context\":\"https:\/\/schema.org\",\"@graph\":[{\"@type\":\"WebPage\",\"@id\":\"https:\/\/waldorfkita.de\/kinderhaus\/waldorf-kinderhaus-bgl\/\",\"url\":\"https:\/\/waldorfkita.de\/kinderhaus\/waldorf-kinderhaus-bgl\/\",\"name\":\"Home | Waldorf-Kinderhaus Bergisch Gladbach\",\"isPartOf\":{\"@id\":\"https:\/\/waldorfkita.de\/kinderhaus\/#website\"},\"datePublished\":\"2020-06-13T11:52:08+00:00\",\"dateModified\":\"2025-10-30T10:29:21+00:00\",\"breadcrumb\":{\"@id\":\"https:\/\/waldorfkita.de\/kinderhaus\/waldorf-kinderhaus-bgl\/#breadcrumb\"},\"inLanguage\":\"de\",\"potentialAction\":[{\"@type\":\"ReadAction\",\"target\":[\"https:\/\/waldorfkita.de\/kinderhaus\/waldorf-kinderhaus-bgl\/\"]}]},{\"@type\":\"BreadcrumbList\",\"@id\":\"https:\/\/waldorfkita.de\/kinderhaus\/waldorf-kinderhaus-bgl\/#breadcrumb\",\"itemListElement\":[{\"@type\":\"ListItem\",\"position\":1,\"name\":\"Startseite\",\"item\":\"https:\/\/waldorfkita.de\/kinderhaus\/\"},{\"@type\":\"ListItem\",\"position\":2,\"name\":\"Home\"}]},{\"@type\":\"WebSite\",\"@id\":\"https:\/\/waldorfkita.de\/kinderhaus\/#website\",\"url\":\"https:\/\/waldorfkita.de\/kinderhaus\/\",\"name\":\"Waldorf-Kinderhaus Bergisch Gladbach\",\"description\":\"Waldorf-Kindergarten Bergisch Gladbach\",\"potentialAction\":[{\"@type\":\"SearchAction\",\"target\":{\"@type\":\"EntryPoint\",\"urlTemplate\":\"https:\/\/waldorfkita.de\/kinderhaus\/?s={search_term_string}\"},\"query-input\":{\"@type\":\"PropertyValueSpecification\",\"valueRequired\":true,\"valueName\":\"search_term_string\"}}],\"inLanguage\":\"de\"}]}<\/script>\n<!-- \/ Yoast SEO plugin. -->","yoast_head_json":{"title":"Home | Waldorf-Kinderhaus Bergisch Gladbach","robots":{"index":"index","follow":"follow","max-snippet":"max-snippet:-1","max-image-preview":"max-image-preview:large","max-video-preview":"max-video-preview:-1"},"canonical":"https:\/\/waldorfkita.de\/kinderhaus\/waldorf-kinderhaus-bgl\/","og_locale":"de_DE","og_type":"article","og_title":"Home | Waldorf-Kinderhaus Bergisch Gladbach","og_description":"[vc_row][vc_column][vc_column_text] Herzlich willkommen im Waldorf-Kinderhaus Bergisch Gladbach! &#8222;Das Kind in Ehrfurcht empfangen, in Liebe erziehen und in Freiheit entlassen.&#8220; &#8211; Rudolf Steiner &#8211; [\/vc_column_text][\/vc_column][\/vc_row][vc_row gap=&#8220;35&#8243; content_placement=&#8220;middle&#8220;][vc_column [\u2026]","og_url":"https:\/\/waldorfkita.de\/kinderhaus\/waldorf-kinderhaus-bgl\/","og_site_name":"Waldorf-Kinderhaus Bergisch Gladbach","article_modified_time":"2025-10-30T10:29:21+00:00","twitter_card":"summary_large_image","twitter_misc":{"Gesch\u00e4tzte Lesezeit":"4\u00a0Minuten"},"schema":{"@context":"https:\/\/schema.org","@graph":[{"@type":"WebPage","@id":"https:\/\/waldorfkita.de\/kinderhaus\/waldorf-kinderhaus-bgl\/","url":"https:\/\/waldorfkita.de\/kinderhaus\/waldorf-kinderhaus-bgl\/","name":"Home | Waldorf-Kinderhaus Bergisch Gladbach","isPartOf":{"@id":"https:\/\/waldorfkita.de\/kinderhaus\/#website"},"datePublished":"2020-06-13T11:52:08+00:00","dateModified":"2025-10-30T10:29:21+00:00","breadcrumb":{"@id":"https:\/\/waldorfkita.de\/kinderhaus\/waldorf-kinderhaus-bgl\/#breadcrumb"},"inLanguage":"de","potentialAction":[{"@type":"ReadAction","target":["https:\/\/waldorfkita.de\/kinderhaus\/waldorf-kinderhaus-bgl\/"]}]},{"@type":"BreadcrumbList","@id":"https:\/\/waldorfkita.de\/kinderhaus\/waldorf-kinderhaus-bgl\/#breadcrumb","itemListElement":[{"@type":"ListItem","position":1,"name":"Startseite","item":"https:\/\/waldorfkita.de\/kinderhaus\/"},{"@type":"ListItem","position":2,"name":"Home"}]},{"@type":"WebSite","@id":"https:\/\/waldorfkita.de\/kinderhaus\/#website","url":"https:\/\/waldorfkita.de\/kinderhaus\/","name":"Waldorf-Kinderhaus Bergisch Gladbach","description":"Waldorf-Kindergarten Bergisch Gladbach","potentialAction":[{"@type":"SearchAction","target":{"@type":"EntryPoint","urlTemplate":"https:\/\/waldorfkita.de\/kinderhaus\/?s={search_term_string}"},"query-input":{"@type":"PropertyValueSpecification","valueRequired":true,"valueName":"search_term_string"}}],"inLanguage":"de"}]}},"_links":{"self":[{"href":"https:\/\/waldorfkita.de\/kinderhaus\/wp-json\/wp\/v2\/pages\/396","targetHints":{"allow":["GET"]}}],"collection":[{"href":"https:\/\/waldorfkita.de\/kinderhaus\/wp-json\/wp\/v2\/pages"}],"about":[{"href":"https:\/\/waldorfkita.de\/kinderhaus\/wp-json\/wp\/v2\/types\/page"}],"author":[{"embeddable":true,"href":"https:\/\/waldorfkita.de\/kinderhaus\/wp-json\/wp\/v2\/users\/2"}],"replies":[{"embeddable":true,"href":"https:\/\/waldorfkita.de\/kinderhaus\/wp-json\/wp\/v2\/comments?post=396"}],"version-history":[{"count":23,"href":"https:\/\/waldorfkita.de\/kinderhaus\/wp-json\/wp\/v2\/pages\/396\/revisions"}],"predecessor-version":[{"id":673,"href":"https:\/\/waldorfkita.de\/kinderhaus\/wp-json\/wp\/v2\/pages\/396\/revisions\/673"}],"wp:featuredmedia":[{"embeddable":true,"href":"https:\/\/waldorfkita.de\/kinderhaus\/wp-json\/"}],"wp:attachment":[{"href":"https:\/\/waldorfkita.de\/kinderhaus\/wp-json\/wp\/v2\/media?parent=396"}],"curies":[{"name":"wp","href":"https:\/\/api.w.org\/{rel}","templated":true}]}}